{"id":5,"date":"2011-12-04T15:47:27","date_gmt":"2011-12-04T15:47:27","guid":{"rendered":"http:\/\/decoracionesmonterreal.com\/?page_id=5"},"modified":"2012-11-23T19:39:29","modified_gmt":"2012-11-23T19:39:29","slug":"%c2%bfquienes-somos","status":"publish","type":"page","link":"https:\/\/decoracionesmonterreal.com\/","title":{"rendered":"\u00bfQuienes somos?"},"content":{"rendered":"<p>Estamos en Baiona desde el a\u00f1o 1997. Desde entonces son muchos los trabajos que nos avalan:<\/p>\n<ul>\n<li>Particulares<\/li>\n<li>Restaurantes<\/li>\n<li>Cafeter\u00edas<\/li>\n<li>Hoteles<\/li>\n<li>Empresas<\/li>\n<\/ul>\n<p>Nuestra larga experiencia en el mundo de la decoraci\u00f3n, nos permite interpretar las ideas de nuestros clientes y hacerlas realidad.<\/p>\n","protected":false},"excerpt":{"rendered":"<p>Estamos en Baiona desde el a\u00f1o 1997. Desde entonces son muchos los trabajos que nos avalan: Particulares Restaurantes Cafeter\u00edas Hoteles Empresas Nuestra larga experiencia en el mundo de la decoraci\u00f3n, nos permite interpretar las ideas de nuestros clientes y hacerlas realidad.<\/p>\n","protected":false},"author":2,"featured_media":0,"parent":0,"menu_order":0,"comment_status":"closed","ping_status":"closed","template":"","meta":{"footnotes":""},"class_list":["post-5","page","type-page","status-publish","hentry"],"_links":{"self":[{"href":"https:\/\/decoracionesmonterreal.com\/index.php?rest_route=\/wp\/v2\/pages\/5","targetHints":{"allow":["GET"]}}],"collection":[{"href":"https:\/\/decoracionesmonterreal.com\/index.php?rest_route=\/wp\/v2\/pages"}],"about":[{"href":"https:\/\/decoracionesmonterreal.com\/index.php?rest_route=\/wp\/v2\/types\/page"}],"author":[{"embeddable":true,"href":"https:\/\/decoracionesmonterreal.com\/index.php?rest_route=\/wp\/v2\/users\/2"}],"replies":[{"embeddable":true,"href":"https:\/\/decoracionesmonterreal.com\/index.php?rest_route=%2Fwp%2Fv2%2Fcomments&post=5"}],"version-history":[{"count":2,"href":"https:\/\/decoracionesmonterreal.com\/index.php?rest_route=\/wp\/v2\/pages\/5\/revisions"}],"predecessor-version":[{"id":31,"href":"https:\/\/decoracionesmonterreal.com\/index.php?rest_route=\/wp\/v2\/pages\/5\/revisions\/31"}],"wp:attachment":[{"href":"https:\/\/decoracionesmonterreal.com\/index.php?rest_route=%2Fwp%2Fv2%2Fmedia&parent=5"}],"curies":[{"name":"wp","href":"https:\/\/api.w.org\/{rel}","templated":true}]}}